{"id":184,"date":"2021-09-24T03:54:48","date_gmt":"2021-09-24T00:54:48","guid":{"rendered":"https:\/\/demo.casethemes.net\/itfirm\/?page_id=184"},"modified":"2023-02-09T15:19:59","modified_gmt":"2023-02-09T12:19:59","slug":"hali-koltuk-yikama-ankara-blog","status":"publish","type":"page","link":"https:\/\/www.dostlarkoltukyikama.com.tr\/index.php\/hali-koltuk-yikama-ankara-blog\/","title":{"rendered":"BLOG"},"content":{"rendered":"\t\t<div data-elementor-type=\"wp-page\" data-elementor-id=\"184\" class=\"elementor elementor-184\">\n\t\t\t\t\t\t\t        <section class=\"elementor-section elementor-top-section elementor-element elementor-element-66245d5 elementor-section-boxed elementor-section-height-default elementor-section-height-default ct-header-fixed-none ct-column-none ct-row-scroll-none ct-row-gradient--none\" data-id=\"66245d5\" data-element_type=\"section\">\n            \n                        <div class=\"elementor-container elementor-column-gap-extended \">\n                    <div class=\"elementor-column elementor-col-100 elementor-top-column elementor-element elementor-element-fc5c4bc ct-column-none col-offset-none col-color-offset-none\" data-id=\"fc5c4bc\" data-element_type=\"column\">\n            <div class=\"elementor-widget-wrap elementor-element-populated\">\n                        \t\t<div class=\"elementor-element elementor-element-03a2086 elementor-widget elementor-widget-ct_blog_grid\" data-id=\"03a2086\" data-element_type=\"widget\" data-widget_type=\"ct_blog_grid.default\">\n\t\t\t\t<div class=\"elementor-widget-container\">\n\t\t\t\r\n<div id=\"ct_blog_grid-03a2086\" class=\"ct-grid ct-blog-grid ct-blog-grid-layout1\" data-layout=\"masonry\" data-start-page=\"1\" data-max-pages=\"3\" data-total=\"13\" data-perpage=\"6\" data-next-link=\"https:\/\/www.dostlarkoltukyikama.com.tr\/index.php\/wp-json\/wp\/v2\/pages\/184\/page\/2\/\">\r\n    <div class=\"ct-grid-overlay\"><\/div>\r\n    \r\n    <div class=\"ct-grid-inner ct-grid-masonry row animate-time\" data-gutter=\"15\">\r\n                            <div class=\"grid-item col-xl-4 col-lg-4 col-md-6 col-sm-6 col-12 \">\r\n                        <div class=\"grid-item-inner \" data-wow-duration=\"1.2s\">\r\n                            <div class=\"item--featured\">\r\n                                <a href=\"https:\/\/www.dostlarkoltukyikama.com.tr\/index.php\/2023\/12\/06\/cevizlidere-hali-yikama-2\/\"><img decoding=\"async\" class=\"no-lazyload \" src=\"https:\/\/www.dostlarkoltukyikama.com.tr\/wp-content\/uploads\/2023\/02\/zeytinalani-mahallesi-hali-yikama-600x413.jpg\" width=\"600\" height=\"413\" alt=\"Cevizlideere \u00c7ankaya Hal\u0131 Y\u0131kama\" title=\"CEV\u0130ZL\u0130DERE HALI YIKAMA\" \/><\/a>\r\n                            <\/div>\r\n                            <div class=\"item--holder item--main\">\r\n                                                                    <ul class=\"item--meta\">\r\n                                                                                    <li class=\"item-date\"><i class=\"caseicon-calendar\"><\/i>6 Aral\u0131k 2023<\/li>\r\n                                                                                                                    <\/ul>\r\n                                                                <h3 class=\"item--title\"><a href=\"https:\/\/www.dostlarkoltukyikama.com.tr\/index.php\/2023\/12\/06\/cevizlidere-hali-yikama-2\/\">CEV\u0130ZL\u0130DERE HALI YIKAMA<\/a><\/h3>\r\n                            <\/div>\r\n                            <div class=\"item--holder item--hover\">\r\n                                <h3 class=\"item--title\"><a href=\"https:\/\/www.dostlarkoltukyikama.com.tr\/index.php\/2023\/12\/06\/cevizlidere-hali-yikama-2\/\">CEV\u0130ZL\u0130DERE HALI YIKAMA<\/a><\/h3>\r\n                                                                    <div class=\"item--content\">\r\n                                                                            <\/div>\r\n                                                                                                    <div class=\"item--readmore\">\r\n                                        <a class=\"btn btn-primary\" href=\"https:\/\/www.dostlarkoltukyikama.com.tr\/index.php\/2023\/12\/06\/cevizlidere-hali-yikama-2\/\">\r\n                                            <span>Detayl\u0131 Bilgi<\/span>\r\n                                            <i class=\"caseicon-angle-arrow-right\"><\/i>\r\n                                        <\/a>\r\n                                    <\/div>\r\n                                                            <\/div>\r\n                        <\/div>\r\n                    <\/div>\r\n                                    <div class=\"grid-item col-xl-4 col-lg-4 col-md-6 col-sm-6 col-12 \">\r\n                        <div class=\"grid-item-inner \" data-wow-duration=\"1.2s\">\r\n                            <div class=\"item--featured\">\r\n                                <a href=\"https:\/\/www.dostlarkoltukyikama.com.tr\/index.php\/2023\/12\/06\/ayranci-hali-yikama\/\"><img decoding=\"async\" class=\"no-lazyload \" src=\"https:\/\/www.dostlarkoltukyikama.com.tr\/wp-content\/uploads\/2023\/02\/ara-2-copy-600x413.jpg\" width=\"600\" height=\"413\" alt=\"ara-2 copy\" title=\"ara-2 copy\" \/><\/a>\r\n                            <\/div>\r\n                            <div class=\"item--holder item--main\">\r\n                                                                    <ul class=\"item--meta\">\r\n                                                                                    <li class=\"item-date\"><i class=\"caseicon-calendar\"><\/i>6 Aral\u0131k 2023<\/li>\r\n                                                                                                                    <\/ul>\r\n                                                                <h3 class=\"item--title\"><a href=\"https:\/\/www.dostlarkoltukyikama.com.tr\/index.php\/2023\/12\/06\/ayranci-hali-yikama\/\">Ayranc\u0131 Hal\u0131 Y\u0131kama<\/a><\/h3>\r\n                            <\/div>\r\n                            <div class=\"item--holder item--hover\">\r\n                                <h3 class=\"item--title\"><a href=\"https:\/\/www.dostlarkoltukyikama.com.tr\/index.php\/2023\/12\/06\/ayranci-hali-yikama\/\">Ayranc\u0131 Hal\u0131 Y\u0131kama<\/a><\/h3>\r\n                                                                    <div class=\"item--content\">\r\n                                                                            <\/div>\r\n                                                                                                    <div class=\"item--readmore\">\r\n                                        <a class=\"btn btn-primary\" href=\"https:\/\/www.dostlarkoltukyikama.com.tr\/index.php\/2023\/12\/06\/ayranci-hali-yikama\/\">\r\n                                            <span>Detayl\u0131 Bilgi<\/span>\r\n                                            <i class=\"caseicon-angle-arrow-right\"><\/i>\r\n                                        <\/a>\r\n                                    <\/div>\r\n                                                            <\/div>\r\n                        <\/div>\r\n                    <\/div>\r\n                                    <div class=\"grid-item col-xl-4 col-lg-4 col-md-6 col-sm-6 col-12 \">\r\n                        <div class=\"grid-item-inner \" data-wow-duration=\"1.2s\">\r\n                            <div class=\"item--featured\">\r\n                                <a href=\"https:\/\/www.dostlarkoltukyikama.com.tr\/index.php\/2023\/10\/25\/cankaya-hali-yikama-05526448284\/\"><img decoding=\"async\" class=\"no-lazyload \" src=\"https:\/\/www.dostlarkoltukyikama.com.tr\/wp-content\/uploads\/2023\/02\/24176_web_0-401918347359-8f14e45fceea167a5a36dedd4bea2543-600x413.jpeg\" width=\"600\" height=\"413\" alt=\"24176_web_0-401918347359-8f14e45fceea167a5a36dedd4bea2543\" title=\"24176_web_0-401918347359-8f14e45fceea167a5a36dedd4bea2543\" \/><\/a>\r\n                            <\/div>\r\n                            <div class=\"item--holder item--main\">\r\n                                                                    <ul class=\"item--meta\">\r\n                                                                                    <li class=\"item-date\"><i class=\"caseicon-calendar\"><\/i>25 Ekim 2023<\/li>\r\n                                                                                                                    <\/ul>\r\n                                                                <h3 class=\"item--title\"><a href=\"https:\/\/www.dostlarkoltukyikama.com.tr\/index.php\/2023\/10\/25\/cankaya-hali-yikama-05526448284\/\">\u00c7ankaya Hal\u0131 Y\u0131kama 05526448284<\/a><\/h3>\r\n                            <\/div>\r\n                            <div class=\"item--holder item--hover\">\r\n                                <h3 class=\"item--title\"><a href=\"https:\/\/www.dostlarkoltukyikama.com.tr\/index.php\/2023\/10\/25\/cankaya-hali-yikama-05526448284\/\">\u00c7ankaya Hal\u0131 Y\u0131kama 05526448284<\/a><\/h3>\r\n                                                                    <div class=\"item--content\">\r\n                                                                            <\/div>\r\n                                                                                                    <div class=\"item--readmore\">\r\n                                        <a class=\"btn btn-primary\" href=\"https:\/\/www.dostlarkoltukyikama.com.tr\/index.php\/2023\/10\/25\/cankaya-hali-yikama-05526448284\/\">\r\n                                            <span>Detayl\u0131 Bilgi<\/span>\r\n                                            <i class=\"caseicon-angle-arrow-right\"><\/i>\r\n                                        <\/a>\r\n                                    <\/div>\r\n                                                            <\/div>\r\n                        <\/div>\r\n                    <\/div>\r\n                                    <div class=\"grid-item col-xl-4 col-lg-4 col-md-6 col-sm-6 col-12 \">\r\n                        <div class=\"grid-item-inner \" data-wow-duration=\"1.2s\">\r\n                            <div class=\"item--featured\">\r\n                                <a href=\"https:\/\/www.dostlarkoltukyikama.com.tr\/index.php\/2023\/03\/13\/dostlar-hali-yikama\/\"><img decoding=\"async\" class=\"no-lazyload \" src=\"https:\/\/www.dostlarkoltukyikama.com.tr\/wp-content\/uploads\/2023\/02\/2222-600x413.jpg\" width=\"600\" height=\"413\" alt=\"2222\" title=\"2222\" \/><\/a>\r\n                            <\/div>\r\n                            <div class=\"item--holder item--main\">\r\n                                                                    <ul class=\"item--meta\">\r\n                                                                                    <li class=\"item-date\"><i class=\"caseicon-calendar\"><\/i>13 Mart 2023<\/li>\r\n                                                                                                                    <\/ul>\r\n                                                                <h3 class=\"item--title\"><a href=\"https:\/\/www.dostlarkoltukyikama.com.tr\/index.php\/2023\/03\/13\/dostlar-hali-yikama\/\">Dostlar Hal\u0131 Y\u0131kama<\/a><\/h3>\r\n                            <\/div>\r\n                            <div class=\"item--holder item--hover\">\r\n                                <h3 class=\"item--title\"><a href=\"https:\/\/www.dostlarkoltukyikama.com.tr\/index.php\/2023\/03\/13\/dostlar-hali-yikama\/\">Dostlar Hal\u0131 Y\u0131kama<\/a><\/h3>\r\n                                                                    <div class=\"item--content\">\r\n                                                                            <\/div>\r\n                                                                                                    <div class=\"item--readmore\">\r\n                                        <a class=\"btn btn-primary\" href=\"https:\/\/www.dostlarkoltukyikama.com.tr\/index.php\/2023\/03\/13\/dostlar-hali-yikama\/\">\r\n                                            <span>Detayl\u0131 Bilgi<\/span>\r\n                                            <i class=\"caseicon-angle-arrow-right\"><\/i>\r\n                                        <\/a>\r\n                                    <\/div>\r\n                                                            <\/div>\r\n                        <\/div>\r\n                    <\/div>\r\n                                    <div class=\"grid-sizer col-xl-4 col-lg-4 col-md-6 col-sm-6 col-12\"><\/div>\r\n            <\/div>\r\n            <div class=\"ct-grid-pagination\" data-loadmore=\"{&quot;startPage&quot;:1,&quot;maxPages&quot;:3,&quot;total&quot;:13,&quot;perpage&quot;:&quot;6&quot;,&quot;nextLink&quot;:&quot;https:\\\/\\\/www.dostlarkoltukyikama.com.tr\\\/index.php\\\/wp-json\\\/wp\\\/v2\\\/pages\\\/184\\\/page\\\/2\\\/&quot;,&quot;source&quot;:&quot;&quot;,&quot;orderby&quot;:&quot;date&quot;,&quot;order&quot;:&quot;desc&quot;,&quot;limit&quot;:&quot;6&quot;,&quot;post_ids&quot;:&quot;&quot;,&quot;col_xl&quot;:4,&quot;col_lg&quot;:4,&quot;col_md&quot;:6,&quot;col_sm&quot;:6,&quot;col_xs&quot;:12,&quot;pagination_type&quot;:&quot;pagination&quot;,&quot;show_author&quot;:&quot;&quot;,&quot;show_date&quot;:&quot;true&quot;,&quot;show_button&quot;:&quot;true&quot;,&quot;button_text&quot;:&quot;Detayl\\u0131 Bilgi&quot;,&quot;show_excerpt&quot;:&quot;true&quot;,&quot;num_words&quot;:8,&quot;img_size&quot;:&quot;&quot;,&quot;grid_masonry&quot;:&quot;&quot;,&quot;ct_animate&quot;:&quot;&quot;,&quot;template_type&quot;:&quot;post_grid_layout1&quot;,&quot;tax&quot;:[]}\" data-query=\"{&quot;post_type&quot;:&quot;post&quot;,&quot;posts_per_page&quot;:6,&quot;order&quot;:&quot;desc&quot;,&quot;orderby&quot;:&quot;date&quot;,&quot;tax_query&quot;:{&quot;relation&quot;:&quot;OR&quot;},&quot;post__not_in&quot;:[184]}\">\r\n                <nav class=\"ct-posts-pagination ajax\">\r\n        <div class=\"posts-page-links\">\r\n            <span aria-current=\"page\" class=\"page-numbers current\">1<\/span>\n<a class=\"page-numbers\" href=\"#2\">2<\/a>\n<a class=\"page-numbers\" href=\"#3\">3<\/a>\n<a class=\"next page-numbers\" href=\"#2\"><i class=\"caseicon-angle-arrow-right\"><\/i><\/a>        <\/div>\r\n    <\/nav>\r\n            <\/div>\r\n        <\/div>\t\t<\/div>\n\t\t\t\t<\/div>\n\t\t            <\/div>\n        <\/div>\n                            <\/div>\n        <\/section>\n        \t\t\t\t\t<\/div>\n\t\t","protected":false},"excerpt":{"rendered":"<p>9 \u015eubat 2023 Koltuk Y\u0131kama Neden \u00d6nemlidir? Koltuk Y\u0131kama Neden \u00d6nemlidir? Detayl\u0131 Bilgi 9 \u015eubat 2023 Hal\u0131lar\u0131m\u0131z\u0131 Ne Kadar S\u00fcrede Y\u0131kamal\u0131y\u0131z? Hal\u0131lar\u0131m\u0131z\u0131 Ne Kadar S\u00fcrede Y\u0131kamal\u0131y\u0131z? Detayl\u0131 Bilgi<\/p>\n","protected":false},"author":1,"featured_media":0,"parent":0,"menu_order":0,"comment_status":"closed","ping_status":"closed","template":"","meta":{"footnotes":""},"class_list":["post-184","page","type-page","status-publish","hentry"],"_links":{"self":[{"href":"https:\/\/www.dostlarkoltukyikama.com.tr\/index.php\/wp-json\/wp\/v2\/pages\/184","targetHints":{"allow":["GET"]}}],"collection":[{"href":"https:\/\/www.dostlarkoltukyikama.com.tr\/index.php\/wp-json\/wp\/v2\/pages"}],"about":[{"href":"https:\/\/www.dostlarkoltukyikama.com.tr\/index.php\/wp-json\/wp\/v2\/types\/page"}],"author":[{"embeddable":true,"href":"https:\/\/www.dostlarkoltukyikama.com.tr\/index.php\/wp-json\/wp\/v2\/users\/1"}],"replies":[{"embeddable":true,"href":"https:\/\/www.dostlarkoltukyikama.com.tr\/index.php\/wp-json\/wp\/v2\/comments?post=184"}],"version-history":[{"count":7,"href":"https:\/\/www.dostlarkoltukyikama.com.tr\/index.php\/wp-json\/wp\/v2\/pages\/184\/revisions"}],"predecessor-version":[{"id":9223,"href":"https:\/\/www.dostlarkoltukyikama.com.tr\/index.php\/wp-json\/wp\/v2\/pages\/184\/revisions\/9223"}],"wp:attachment":[{"href":"https:\/\/www.dostlarkoltukyikama.com.tr\/index.php\/wp-json\/wp\/v2\/media?parent=184"}],"curies":[{"name":"wp","href":"https:\/\/api.w.org\/{rel}","templated":true}]}}