{"id":9169,"date":"2023-02-09T15:09:06","date_gmt":"2023-02-09T12:09:06","guid":{"rendered":"https:\/\/dostlarkoltukyikama.com.tr\/TR\/?page_id=9169"},"modified":"2023-02-09T16:10:13","modified_gmt":"2023-02-09T13:10:13","slug":"koltuk-yikama","status":"publish","type":"page","link":"https:\/\/www.dostlarkoltukyikama.com.tr\/index.php\/ankara-hali-koltuk-yikama-hizmetleri\/koltuk-yikama\/","title":{"rendered":"Koltuk Y\u0131kama"},"content":{"rendered":"\t\t<div data-elementor-type=\"wp-page\" data-elementor-id=\"9169\" class=\"elementor elementor-9169\">\n\t\t\t\t\t\t\t        <section class=\"elementor-section elementor-top-section elementor-element elementor-element-ae350dc elementor-section-boxed elementor-section-height-default elementor-section-height-default ct-header-fixed-none ct-column-none ct-row-scroll-none ct-row-gradient--none\" data-id=\"ae350dc\" data-element_type=\"section\">\n            \n                        <div class=\"elementor-container elementor-column-gap-default \">\n                    <div class=\"elementor-column elementor-col-100 elementor-top-column elementor-element elementor-element-52f9fcb ct-column-none col-offset-none col-color-offset-none\" data-id=\"52f9fcb\" data-element_type=\"column\">\n            <div class=\"elementor-widget-wrap elementor-element-populated\">\n                        \t\t<div class=\"elementor-element elementor-element-8e40144 elementor-widget elementor-widget-text-editor\" data-id=\"8e40144\" data-element_type=\"widget\" data-widget_type=\"text-editor.default\">\n\t\t\t\t<div class=\"elementor-widget-container\">\n\t\t\t<style>\/*! elementor - v3.10.2 - 29-01-2023 *\/\n.elementor-widget-text-editor.elementor-drop-cap-view-stacked .elementor-drop-cap{background-color:#818a91;color:#fff}.elementor-widget-text-editor.elementor-drop-cap-view-framed .elementor-drop-cap{color:#818a91;border:3px solid;background-color:transparent}.elementor-widget-text-editor:not(.elementor-drop-cap-view-default) .elementor-drop-cap{margin-top:8px}.elementor-widget-text-editor:not(.elementor-drop-cap-view-default) .elementor-drop-cap-letter{width:1em;height:1em}.elementor-widget-text-editor .elementor-drop-cap{float:left;text-align:center;line-height:1;font-size:50px}.elementor-widget-text-editor .elementor-drop-cap-letter{display:inline-block}<\/style>\t\t\t\t<p style=\"text-align: justify;\">Koltuk Y\u0131kama Firmam\u0131z uygun fiyatlarla en iyi \u015fekilde sizlerle g\u00fcvenilir koltuk y\u0131kama hizmeti ile tan\u0131\u015f ve zaman kazan bu sayede garantide ol Anasayfa da uygun fiyatlar sizleri bekliyor , ucuz ve kaliteli koltuk y\u0131kama sizlerle binlerce koltuk y\u0131kama firmalar\u0131 aras\u0131nda iyi bir firma bulmak oldukca zor unutmamak gerekli koltuk y\u0131kama sadece y\u0131kama i\u015flemi de\u011fil koltuk y\u0131kama meslek dal\u0131d\u0131r. Koltuk Y\u0131kama meslek dal\u0131nda bir\u00e7ok firma iyi hizmet vermekte g\u00f6r\u00fcne bilir iyi k\u00f6t\u00fc koltuk y\u0131kamac\u0131 ay\u0131rmak \u00e7ok zor de\u011fil evde bulunan y\u0131kama hizmetleri bizler i\u00e7in titizlik ilkemiz i\u00e7in \u00f6nemlidir.\u00a0 Koltuk Y\u0131kama ge\u00e7mi\u015ften ilham alarak gelece\u011fi in\u015fa ediyoruz.Dostlar Koltuk YIKAMA olarak ge\u00e7mi\u015ften ald\u0131\u011f\u0131m\u0131z ilhamla geli\u015ftirdi\u011fimiz gelece\u011fin teknolojisi Koltuk Y\u0131kama bu g\u00fcn hizmetinizde.Koltuk Y\u0131kama Yakla\u015f\u0131k 18 senedir hizmet veren Koltuk Y\u0131kama i\u00e7in il ve tek koltuk Y\u0131kama Uyun Fiyat Listesi ile Koltuk y\u0131kama hizmeti vermekte En \u0130yi Koltuklar\u0131n\u0131z profesyonel ekibimiz taraf\u0131ndan evinizde \u00f6zenle ile temiz bir hale gelir . Evde koltuk y\u0131kama \u00e7ok me\u015fakkatli bir i\u015ftir. Ekolojik an ti bakteriyel \u00f6zel haz\u0131rlanm\u0131\u015f losyon um uz ile bitki \u00f6zl\u00fc aktif bile\u015fenler sayesinde koltu\u011funuza sinmi\u015f olan leke ve kokular giderilir,kir ve inat\u00e7\u0131 lekeleri derinlemesine temizler ve \u00e7\u0131kar\u0131r.16 Y\u0131ll\u0131k tecr\u00fcbemiz ve en uygun fiyat garantisi ile Koltuk Y\u0131kama olarak evinizde bulunan Koltuk Tak\u0131mlar\u0131n\u0131z\u0131 \u00a0kendi yerinde profesyonel garantili y\u0131kama hizmetimizden yararlanmay\u0131 hi\u00e7 d\u00fc\u015f\u00fcnd\u00fcn\u00fcz m\u00fc!!\u2026 Koltuk Y\u0131kama sonras\u0131nda Ev tozu alerjisine son Koltuk Mikroplar\u0131na elveda leke ve kirlere y\u00fczde doksan dokuz ba\u015far\u0131 y\u00fczde y\u00fcz hijyenik koltuk y\u0131kama Antibakteriyel Buharl\u0131 ve f\u0131r\u00e7al\u0131 Koltuk Y\u0131kama ile koltuk tak\u0131mlar\u0131n\u0131z \u0130lk g\u00fcnk\u00fc gibi ter temiz yap\u0131yoruz. Sizler i\u00e7in koltuk tak\u0131mlar\u0131n\u0131z ne kadar \u00f6nemli ise bizler i\u00e7inde koltuk y\u0131kama i\u015flemimiz o kadar \u00f6nemli sizlere UYGUN F\u0130YATTA KOLTUK YIKAMA hizmeti verme garantisi veren firmam\u0131z D\u00fcnya \u0130l s\u0131n\u0131rlar\u0131 i\u00e7inde en b\u00fcy\u00fck Koltuk Y\u0131kama servis a\u011f\u0131na sahip g\u00fcn ge\u00e7tik\u00e7e koltuk y\u0131kama servis a\u011f\u0131n\u0131 daha da geni\u015fleten firmam\u0131z koltuk y\u0131kma konusunda lider olmaya devam etmekte Koltuk y\u0131kama ya\u015fan\u0131lan mekanlar\u0131n olmazsa olmaz\u0131 koltuklar belirli zaman diliminde derinlemesine temizlik yap\u0131lmas\u0131 gerekli i\u015flemdir . Hi\u00e7 ara\u015ft\u0131rd\u0131n\u0131z m\u0131 g\u00f6zle g\u00f6r\u00fclmez vir\u00fcs ve \u00e7e\u015fitli bakteri ler en \u00e7ok koltuklar\u0131n\u0131zda siz ve sevdiklerinizi \u00e7e\u015fitli \u015fekilde sa\u011fl\u0131k d\u00fczeninizi bozar tehdit eder siz ve sevdiklerinizi her bir aile bireyi i\u00e7in koltuk y\u0131katma i\u015flemi \u00e7ok \u00f6nemli yere\u00a0 sahip\u00a0 En iyi en uygun Koltuk temizli\u011fi y\u0131kama ustas\u0131 firmalar\u0131 ve \u015firketleri ar\u0131yorum diyorsan heme fiyat teklifi al Koltuk Y\u0131kama firmas\u0131 olarak sizlere koltuk temizleme i\u015fleminde en iyisini vermenin heyecan\u0131 i\u00e7indeyiz likes koltuk y\u0131kama hizmetlerimizle tan\u0131\u015f\u0131n mutlu olun.<\/p><p style=\"text-align: justify;\"><strong>KOLTUK YIKAMADA D\u0130KKAT ED\u0130LMES\u0130 GEREKEN HUSUSLAR<\/strong><\/p><p style=\"text-align: justify;\">1-\u00a0Koltuk y\u0131kama firmas\u0131n\u0131n g\u00fcvenilir olmas\u0131na dikkat edilmeli.\u00a02-\u00a0Koltuk y\u0131kamas\u0131 i\u00e7in gelen ekibin profesyonel tecr\u00fcbeli olmas\u0131 gerekir.\u00a03-\u00a0Koltuk y\u0131kamada kullan\u0131lan makilerin sanayi tipi ekipmanlar olmas\u0131na dikkat edilmeli.<\/p><p style=\"text-align: justify;\"><strong>KOLTUK YIKAMA KULLANILAN EK\u0130PMANLAR<\/strong><\/p><p style=\"text-align: justify;\">1.VAKUM MAK\u0130NES\u0130 : (Sanayi tipi 1600 wat g\u00fcc\u00fcnde 3 motorlu vakum g\u00fcc\u00fcne sahip profesyonel vakum makinesi.) 2.KOLTUK OVALAMA MAK\u0130NES\u0130:(Suyu a\u015fa\u011f\u0131 ittirme \u00f6zelli\u011fine sahip 1600 watt g\u00fcc\u00fcnde ayarlanabilir 7 devir kademeli tamamen elektrik ile \u00e7al\u0131\u015fan koltuk y\u0131kama makinesi.) 3.\u00d6zel kar\u0131\u015f\u0131n haz\u0131rlamak i\u00e7in 10 litre kapasiteli kap. 4.\u0130ki adet \u00f6zel koltuk temizleme s\u00fcngeri. 5. Antibakteriyel \u015fampuan. 6.Koltuk renkleri birbirine kar\u0131\u015fmamas\u0131 i\u00e7in renk d\u00fczenleyici . 7. Leke s\u00f6k\u00fcc\u00fc \u015fampuan. 8.A\u011f\u0131r lekeler i\u00e7in \u00f6zel leke s\u00f6k\u00fcc\u00fc.<\/p><p style=\"text-align: justify;\"><strong>KOLTUK YIKAMA NASIL YAPILIR P\u00dcF NOKTALARI<\/strong><\/p><p style=\"text-align: justify;\">Koltuk y\u0131kama i\u015finde \u00f6zel e\u011fitim alm\u0131\u015f uzman ekibimiz \u00f6ncelikle koltu\u011funuzun kuma\u015f cinsine g\u00f6re bir kova i\u00e7erisinde \u00f6zel bir losyon haz\u0131rlar. Haz\u0131rlam\u0131\u015f oldu\u011fu \u00f6zel losyonu \u00e7ift s\u00fcnger yard\u0131m\u0131yla koltu\u011fun kuma\u015f k\u0131s\u0131mlar\u0131na e\u015fit ve bol bir \u015fekilde s\u00fcrer. Ve koltu\u011fa s\u00fcr\u00fclen losyon koltu\u011fun kullan\u0131m\u0131nda koltu\u011fa \u00f6nceden d\u00f6k\u00fclen s\u0131v\u0131 g\u0131dalar\u0131n koltu\u011fun s\u00fcnger ve kuma\u015f aras\u0131nda g\u00f6zle g\u00f6r\u00fclmeyen \u00e7amur tabakas\u0131 olu\u015fan k\u0131sma ula\u015fmas\u0131n\u0131 sa\u011flan\u0131r.Ve devreye koltuk y\u0131kama makinesi girer.Koltu\u011fun kuma\u015f ve s\u00fcnger aras\u0131ndaki \u00e7amur tabakas\u0131na \u00f6zel losyonun ula\u015fmas\u0131n\u0131 1600 wat g\u00fcc\u00fcndeki makine sa\u011flar. Sonras\u0131nda par\u00e7alanan \u00e7amur tabakas\u0131n\u0131 her biri 1900 wat g\u00fcc\u00fcndeki 3 motor birden \u00e7al\u0131\u015ft\u0131r\u0131l\u0131r.Ve b\u00fct\u00fcn kir vakum makinesi 30 litre hacimli kazan k\u0131sm\u0131na \u00e7ektirilir. Vakum makinesinin \u015feffaf ucundan kirli su koyu renkte gelmeye devam ediyorsa genelde koltu\u011fun oturum ve kol k\u0131s\u0131mlar\u0131nda s\u0131v\u0131 g\u0131da d\u00f6k\u00fclmesi ve ya\u011flanmalar bulunmas\u0131ndan dolay\u0131 3 veya 4 defa bu b\u00f6lgelerin y\u0131kanmas\u0131 gerekebilir. Taki koltuktan vakumlanan su temiz gelene kadar bu i\u015flem devam edebilir. Temiz su geldikten sonra geriye a\u011f\u0131r lekeler kal\u0131r. Ve lekeler i\u00e7in \u00f6zel leke s\u00f6k\u00fcc\u00fc i\u015fle uygulan\u0131r.Leke uygulamas\u0131ndan sonra leke kontrol\u00fc yap\u0131l\u0131r ve oda s\u0131cakl\u0131\u011f\u0131nda yap\u0131lan i\u015flemin durumuna g\u00f6re hafif nemli koltuk 4 veya 6 saat sonra kullan\u0131m\u0131n\u0131za haz\u0131rd\u0131r. Profesyonel koltuk y\u0131kama i\u015flemi kesinlikle bu \u015fekilde yap\u0131lmal\u0131d\u0131r.\u00d6zel durumlar hari\u00e7 koltuk y\u0131kama i\u015flemini en az y\u0131lda 2 kez yapt\u0131rmak gerekir.1 k\u0131\u015fa girerken 2 kombiler kapan\u0131nca yani yaza girerken yap\u0131lmas\u0131 \u00f6nerilir.<\/p><p style=\"text-align: justify;\"><strong>KOLTUK YIKAMA<\/strong><\/p><p style=\"text-align: justify;\">Koltuk y\u0131kama firmam\u0131zda hangi semtte oturuyor olursan\u0131z olun 05526448284 telefon hatt\u0131m\u0131zdan servis yazd\u0131rabilirsiniz. Ankara koltuk y\u0131kama firmam\u0131z t\u00fcm semtlere \u00fccretsiz servis veren ve sundu\u011fu t\u00fcm koltuk y\u0131kama i\u015flemlerinde temizlik garantili hizmet veren tek firmad\u0131r.Ankara koltuk y\u0131kama alan\u0131nda 17 senedir hizmet veren tek firma olmam\u0131z tecr\u00fcbeyle sizlere en iyi hizmeti sunmam\u0131z\u0131 sa\u011flamaktad\u0131r.Y\u0131kad\u0131\u011f\u0131m\u0131z t\u00fcm koltuklarda temizlik garantimiz vard\u0131r.Koltuk y\u0131kama fiyatlar\u0131 i\u00e7in ise fiyat listemiz yerine m\u00fc\u015fteri temsilcilerimizi araman\u0131z en net ve do\u011fru fiyatlar\u0131 verebilmemiz i\u00e7in \u00f6nemlidir.\u015e\u00fcphesiz her koltuk tak\u0131m\u0131 ayn\u0131 de\u011fildir yedili tak\u0131m sekizli ,dokuzlu,minderli,deri kollu vs . bir \u00e7ok model koltuk olmas\u0131ndan kaynakl\u0131 koltuk y\u0131kama fiyatlar\u0131 de\u011fi\u015fgenlik g\u00f6stermektedir. M\u00fc\u015fteri temsilcilerimiz serviste sunan arkada\u015flar\u0131m\u0131zdan oldu\u011fu i\u00e7in size en do\u011fru fiyat\u0131 verir ve kesinlikle verilen \u00fccret harici exstra bir \u00fccret al\u0131nmaz,Ankara koltuk y\u0131kama da y\u0131kama temizlik sonras\u0131 kuruma s\u00fcresi y\u0131kama s\u00fcresi ve benzeri t\u00fcm sorular\u0131n\u0131z\u0131 m\u00fc\u015fteri temsilcilerimiz tam olarak anlatacakt\u0131r\u2026Ankara koltuk y\u0131kama da y\u0131kataca\u011f\u0131n\u0131z her koltuk y\u00fczde y\u00fcz g\u00fcvence alt\u0131nda vede vermi\u015f oldu\u011fu indirimler ile siz de\u011ferli m\u00fc\u015fterilerine m\u00fckemmel temizlik garantisini vermekteyiz. kampanyalar ve fiyatland\u0131rmalar i\u00e7in l\u00fctfen bizi aray\u0131n\u2026Koltuk y\u0131kama Ankara 3 a\u015famal\u0131 derinleme temizlik sunmaktad\u0131r.Ayr\u0131ca koltuk y\u0131kama temizleme profesyonel koltuk y\u0131kama hizmetinde en uygun fiyat garantisi sunmaktad\u0131r.<\/p><p style=\"text-align: justify;\"><strong>KOLTUK YIKAMA SERV\u0130S B\u00d6LGELER\u0130M\u0130Z<\/strong><\/p><p style=\"text-align: justify;\">\u00c7ANKAYA-ETL\u0130K-MAMAK-DEMETEVLER-YEN\u0130MAHALLE-KE\u00c7\u0130\u00d6REN-\u0130LKER-ORAN-AYVALI-AKDERE-AB\u0130D\u0130NPA\u015eA-HASK\u00d6Y-BATIKENT-B\u0130LKENT-YA\u015eAMKENT-\u00c7AYYOLU-\u00dcM\u0130TK\u00d6Y-OST\u0130M-VARLIK-EMEK-BAH\u00c7EL\u0130EVLER-BALGAT-KOLEJ-KIRKKONAKLAR-ET\u0130MESGUT-PURSAKLAR-KURTULU\u015e-CEV\u0130ZL\u0130DERE-S\u00d6\u011e\u00dcT\u00d6Z\u00dc-50.YIL-\u0130\u015e\u00c7\u0130 BLOKLARI-100.YIL-\u00c7UKURAMBAR-G\u00d6LBA\u015eI-\u0130NCEK-MUSTAFA KEMAL-SOKULLU-D\u0130KMEN-AYRANCI-ANKARA \u0130L SINIRLARI \u0130\u00c7ERS\u0130NDEK\u0130 T\u00dcM MAHALLE VE SEMTLER<\/p><p style=\"text-align: justify;\">KOLTUK YIKAMA, Ankara Koltuk Y\u0131kama, Koltuk Y\u0131kama Ankara, ANKARA Koltuk Temizleme, Garantili Koltuk Y\u0131kama, Ankara Koltuk Y\u0131kama 69 TL, KOLTUK YIKAMA, Men\u00fc, Ana Sayfa, Ana Men\u00fc, \u00c7ankaya Hal\u0131 Y\u0131kama, Dikmen Hal\u0131 Y\u0131kama, \u00d6ve\u00e7ler Hal\u0131 Y\u0131kama, \u0130skitler Hal\u0131 Y\u0131kama, G\u00f6lba\u015f\u0131 Hal\u0131 Y\u0131kama, Etlik Hal\u0131 Y\u0131kama, Emek Hal\u0131 Y\u0131kama, Y\u00fcz\u00fcnc\u00fcy\u0131l Hal\u0131 Y\u0131kama, Ayranc\u0131 Hal\u0131 Y\u0131kama, Demetevler Hal\u0131 Y\u0131kama, Yenimahalle Hal\u0131 Y\u0131kama, Ostim Hal\u0131 Y\u0131kama, Sokullu Hal\u0131 Y\u0131kama, Balgat Hal\u0131 Y\u0131kama, Y\u00fcn Hal\u0131 Y\u0131kama, \u015eaggi Hal\u0131 Y\u0131kama, Ankara Hal\u0131 Y\u0131kama, Dostlar Hal\u0131 Y\u0131kama, G\u00fczel Hal\u0131 Y\u0131kama, Hereke Hal\u0131 Y\u0131kama, Yerinde Hal\u0131 Y\u0131kama, Profosyonel Hal\u0131 Y\u0131kama, Akdere Hal\u0131 Y\u0131kama, Oran Hal\u0131 Y\u0131kama, Gaziosmanpa\u015fa Hal\u0131 Y\u0131kama, Kolej Hal\u0131 Y\u0131kama, \u0130ncesu Hal\u0131 Y\u0131kama, Kurtulu\u015f Hal\u0131 Y\u0131kama, Ke\u00e7i\u00f6ren Hal\u0131 Y\u0131kama, Keklikp\u0131nar\u0131 Hal\u0131 Y\u0131kama, ilker Hal\u0131 Y\u0131kama, \u00c7ukurambar Hal\u0131 Y\u0131kama, Bah\u00e7elievler Hal\u0131 Y\u0131kama, \u0130ncirli Hal\u0131 Y\u0131kama, \u0130lkad\u0131m Hal\u0131 Y\u0131kama, Mebusevleri Hal\u0131 Y\u0131kama, Mamak Hal\u0131 Y\u0131kama, Maltepe Hal\u0131 Y\u0131kama, S\u00f6\u011f\u00fct\u00f6z\u00fc Hal\u0131 Y\u0131kama, S\u0131hhiye Hal\u0131 Y\u0131kama, K\u0131z\u0131lay Hal\u0131 Y\u0131kama, K\u0131rkkonaklar Hal\u0131 Y\u0131kama, Mustafa Kemal Mahallesi Hal\u0131 Y\u0131kama, Gazi Mahallesi Hal\u0131 Y\u0131kama, Subayevleri Hal\u0131 Y\u0131kama, Siteler Hal\u0131 Y\u0131kama, Ankara Koltuk Y\u0131kama, Evde Koltuk Y\u0131kama, Profosyonel Koltuk Y\u0131kama, Koltuk Y\u0131kama, \u00c7ankaya Koltuk Y\u0131kama, Demetevler Koltuk Y\u0131kama, Etlik Koltuk Y\u0131kama, Profosyonel Koltuk Y\u0131kama, Buharl\u0131 Koltuk Y\u0131kama, Garantili Koltuk Y\u0131kama, En Uygun Koltuk Y\u0131kama Fiyatlar\u0131, En \u0130yi Koltuk Y\u0131kama, Yenimahalle Koltuk Y\u0131kama, Dikmen Koltuk Y\u0131kama, \u00c7ukurambar Koltuk Y\u0131kama, S\u00f6\u011f\u00fct\u00f6z\u00fc Koltuk Y\u0131kama, Y\u00fcz\u00fcnc\u00fcy\u0131l Koltuk Y\u0131kama, Ya\u015famken Koltuk Y\u0131kama, \u00dcmitk\u00f6y Koltuk Y\u0131kama, Bat\u0131kent Koltuk Y\u0131kama, Balgat Koltuk Y\u0131kama, Mamak Koltuk Y\u0131kama, Siteler Koltuk Y\u0131kama, Oran Koltuk Y\u0131kama, \u00d6ve\u00e7ler Koltuk Y\u0131kama, Ke\u00e7i\u00f6ren Koltuk Y\u0131kama, K\u0131z\u0131lay Koltuk Y\u0131kama, K\u0131rkkonaklar Koltuk Y\u0131kama, Emek Koltuk Y\u0131kama, Kolej Koltuk Y\u0131kama, Ayranc\u0131 Koltuk Y\u0131kama, Evde Koltuk Y\u0131kama, Yerinde Koltuk Y\u0131kama, Saimekad\u0131n Koltuk Y\u0131kama, Subayevleri Koltuk Y\u0131kama, Koltuk Y\u0131kama Ankara, Kanepe Koltuk Y\u0131kama, Antibakteriyel Koltuk Y\u0131kama, Sokullu Koltuk Y\u0131kama, \u0130lker Koltuk Y\u0131kama, \u0130ncek Koltuk Y\u0131kama, G\u00f6lba\u015f\u0131 Koltuk Y\u0131kama, Sincan Koltuk Y\u0131kama, Etimesgut Koltuk Y\u0131kama, Alt\u0131nda\u011f Koltuk Y\u0131kama, Mamak Koltuk Y\u0131kama, \u00c7ukurambar Koltuk Y\u0131kama, Balgat Koltuk Y\u0131kama, Bah\u00e7elievler Koltuk Y\u0131kama, Dikimevi Koltuk Y\u0131kama, Bilkent Koltuk Y\u0131kama,S\u0131hhiye Koltuk Y\u0131kama, Garantili Koltuk Y\u0131kama, Kurtulu\u015f Koltuk Y\u0131kama, Macunk\u00f6y Koltuk Y\u0131kama, Deri Koltuk Y\u0131kama, 100.Y\u0131l Koltuk Y\u0131kama, Alt\u0131npark Koltuk Y\u0131kama, Mebusevleri Koltuk Y\u0131kama, Fak\u00fclteler Koltuk Y\u0131kama, Dostla\u00ae Koltuk Y\u0131kama, Seyranba\u011flar\u0131 Koltuk Y\u0131kama, Gaziosmanpa\u015fa Koltuk Y\u0131kama, Karap\u00fcr\u00e7ek Koltuk Y\u0131kama, Pursaklar Koltuk Y\u0131kama, Y\u0131ld\u0131z Koltuk Y\u0131kama, Yukar\u0131 Ayranc\u0131 Koltuk, G\u00fczel Koltuk Y\u0131kama, En \u0130yi Koltuk Y\u0131kama, En Uygun Fiyat Koltuk Y\u0131kama, Koltuk Y\u0131kama Ankara, Ankara Stor Perde Y\u0131kama, Ankara Zebra Perde Y\u0131kama, Ankara Yatak Y\u0131kama<\/p>\t\t\t\t\t\t<\/div>\n\t\t\t\t<\/div>\n\t\t            <\/div>\n        <\/div>\n                            <\/div>\n        <\/section>\n        \t\t\t\t\t<\/div>\n\t\t","protected":false},"excerpt":{"rendered":"<p>Koltuk Y\u0131kama Firmam\u0131z uygun fiyatlarla en iyi \u015fekilde sizlerle g\u00fcvenilir koltuk y\u0131kama hizmeti ile tan\u0131\u015f ve zaman kazan bu sayede garantide ol Anasayfa da uygun fiyatlar sizleri bekliyor , ucuz ve kaliteli koltuk y\u0131kama sizlerle binlerce koltuk y\u0131kama firmalar\u0131 aras\u0131nda iyi bir firma bulmak oldukca zor unutmamak gerekli koltuk y\u0131kama sadece y\u0131kama i\u015flemi de\u011fil koltuk [&hellip;]<\/p>\n","protected":false},"author":1,"featured_media":0,"parent":35,"menu_order":0,"comment_status":"closed","ping_status":"closed","template":"","meta":{"footnotes":""},"class_list":["post-9169","page","type-page","status-publish","hentry"],"_links":{"self":[{"href":"https:\/\/www.dostlarkoltukyikama.com.tr\/index.php\/wp-json\/wp\/v2\/pages\/9169","targetHints":{"allow":["GET"]}}],"collection":[{"href":"https:\/\/www.dostlarkoltukyikama.com.tr\/index.php\/wp-json\/wp\/v2\/pages"}],"about":[{"href":"https:\/\/www.dostlarkoltukyikama.com.tr\/index.php\/wp-json\/wp\/v2\/types\/page"}],"author":[{"embeddable":true,"href":"https:\/\/www.dostlarkoltukyikama.com.tr\/index.php\/wp-json\/wp\/v2\/users\/1"}],"replies":[{"embeddable":true,"href":"https:\/\/www.dostlarkoltukyikama.com.tr\/index.php\/wp-json\/wp\/v2\/comments?post=9169"}],"version-history":[{"count":13,"href":"https:\/\/www.dostlarkoltukyikama.com.tr\/index.php\/wp-json\/wp\/v2\/pages\/9169\/revisions"}],"predecessor-version":[{"id":9270,"href":"https:\/\/www.dostlarkoltukyikama.com.tr\/index.php\/wp-json\/wp\/v2\/pages\/9169\/revisions\/9270"}],"up":[{"embeddable":true,"href":"https:\/\/www.dostlarkoltukyikama.com.tr\/index.php\/wp-json\/wp\/v2\/pages\/35"}],"wp:attachment":[{"href":"https:\/\/www.dostlarkoltukyikama.com.tr\/index.php\/wp-json\/wp\/v2\/media?parent=9169"}],"curies":[{"name":"wp","href":"https:\/\/api.w.org\/{rel}","templated":true}]}}