{"id":9171,"date":"2023-02-09T15:09:16","date_gmt":"2023-02-09T12:09:16","guid":{"rendered":"https:\/\/dostlarkoltukyikama.com.tr\/TR\/?page_id=9171"},"modified":"2023-02-09T16:13:19","modified_gmt":"2023-02-09T13:13:19","slug":"step-hali-yikama","status":"publish","type":"page","link":"https:\/\/www.dostlarkoltukyikama.com.tr\/index.php\/ankara-hali-koltuk-yikama-hizmetleri\/step-hali-yikama\/","title":{"rendered":"Step Hal\u0131 Y\u0131kama"},"content":{"rendered":"\t\t<div data-elementor-type=\"wp-page\" data-elementor-id=\"9171\" class=\"elementor elementor-9171\">\n\t\t\t\t\t\t\t        <section class=\"elementor-section elementor-top-section elementor-element elementor-element-3f30568 elementor-section-boxed elementor-section-height-default elementor-section-height-default ct-header-fixed-none ct-column-none ct-row-scroll-none ct-row-gradient--none\" data-id=\"3f30568\" data-element_type=\"section\">\n            \n                        <div class=\"elementor-container elementor-column-gap-default \">\n                    <div class=\"elementor-column elementor-col-100 elementor-top-column elementor-element elementor-element-61808d5 ct-column-none col-offset-none col-color-offset-none\" data-id=\"61808d5\" data-element_type=\"column\">\n            <div class=\"elementor-widget-wrap elementor-element-populated\">\n                        \t\t<div class=\"elementor-element elementor-element-4d48f1b elementor-widget elementor-widget-text-editor\" data-id=\"4d48f1b\" data-element_type=\"widget\" data-widget_type=\"text-editor.default\">\n\t\t\t\t<div class=\"elementor-widget-container\">\n\t\t\t<style>\/*! elementor - v3.10.2 - 29-01-2023 *\/\n.elementor-widget-text-editor.elementor-drop-cap-view-stacked .elementor-drop-cap{background-color:#818a91;color:#fff}.elementor-widget-text-editor.elementor-drop-cap-view-framed .elementor-drop-cap{color:#818a91;border:3px solid;background-color:transparent}.elementor-widget-text-editor:not(.elementor-drop-cap-view-default) .elementor-drop-cap{margin-top:8px}.elementor-widget-text-editor:not(.elementor-drop-cap-view-default) .elementor-drop-cap-letter{width:1em;height:1em}.elementor-widget-text-editor .elementor-drop-cap{float:left;text-align:center;line-height:1;font-size:50px}.elementor-widget-text-editor .elementor-drop-cap-letter{display:inline-block}<\/style>\t\t\t\t<p style=\"text-align: justify;\">Step Hal\u0131 Y\u0131kama Fiyat\u0131 konusunda sizler de vakit kayb\u0131 ya\u015famak istemiyor ve firmam\u0131zdan yard\u0131m almak istiyorsan\u0131z hi\u00e7 vakit kaybetmeden bizleri arayabilirsiniz ve\u00a0bu konuda daha detayl\u0131 bilgi ve hizmet alabilirsiniz. Fiyat konusunda geni\u015f bir aral\u0131k kar\u015f\u0131n\u0131za \u00e7\u0131k\u0131yor ve her firman\u0131n kendine g\u00f6re belirledi\u011fi rakamlar kar\u015f\u0131n\u0131za \u00e7\u0131k\u0131yor.\u00a0Step Hal\u0131 Y\u0131kama Fiyat\u0131<strong>\u00a0<\/strong>\u015feklinde bir arama yaparsan\u0131z e\u011fer sizler de bu konuda daha fazla bilgiye ula\u015fabilirsiniz. Hal\u0131lar\u0131n\u0131z\u0131n gelece\u011fini koruma alt\u0131na almak ve bunun yan\u0131 s\u0131ra daha temiz bir \u015fekilde teslim almak ad\u0131na sizler de profesyonel firmalar\u0131 tercih ederek daha do\u011fru bir karar verebilir ve hal\u0131lar\u0131n\u0131z\u0131 daha kusursuz \u015fekilde teslim alabilirsiniz. Ya\u015fam alanlar\u0131n\u0131zda kulland\u0131\u011f\u0131n\u0131z di\u011fer \u00fcr\u00fcnlere g\u00f6re \u00e7ok daha k\u0131sa s\u00fcrede kirlenen ve tozu da \u00e7ok net bir \u015fekilde b\u00fcnyesinde bar\u0131nd\u0131ran bu \u00fcr\u00fcnlerin temizli\u011fi her zaman i\u00e7in \u00e7ok daha zor olmu\u015ftur ancak firmalar taraf\u0131ndan sunulan hizmetler ile birlikte bu i\u015flem \u00e7ok daha kolay ve \u00e7ok daha k\u0131sa s\u00fcreli hale geliyor.<\/p><h2 style=\"text-align: justify;\" data-fontsize=\"18\" data-lineheight=\"27\">Hal\u0131 Y\u0131kama Fiyat\u0131<\/h2><p style=\"text-align: justify;\"><strong>Ankara hal\u0131 y\u0131kama fiyatlar\u0131 <\/strong>aramas\u0131 ile birlikte hem fiyatlara, hem de firmalara daha kolay bir \u015fekilde ula\u015fabilirsiniz ve en az\u0131ndan firmalar\u0131n sunduklar\u0131 hizmetler hakk\u0131nda da bilgi alabilirsiniz. Fark yaratan \u00f6zel firmalar ile birlikte bu i\u015fi daha kaliteli yapan adreslere de ula\u015fmak art\u0131k \u00e7ok kolay ve bunu online olarak yapabiliyorsunuz. Bu firmalar aras\u0131nda en prestijli ve istikrarl\u0131 olan\u0131\u00a0<strong>DOSTLAR Hal\u0131 y\u0131kamad\u0131r.<\/strong><\/p><p style=\"text-align: justify;\">Hal\u0131lar\u0131n\u0131z\u0131n \u00e7ok \u00e7abuk kirleniyor olmas\u0131 can\u0131n\u0131z\u0131 s\u0131k\u0131yor olabilir ancak bu \u00e7ok normal \u00e7\u00fcnk\u00fc g\u00fcn i\u00e7erisinde aktif olarak kullan\u0131lan \u00fcr\u00fcnlerden bir tanesidir ve s\u00fcrekli \u00fczerine bas\u0131ld\u0131\u011f\u0131 i\u00e7in de k\u0131sa s\u00fcrede kirlenmesi gayet normal. Sizler de hal\u0131lar\u0131n\u0131z\u0131 daha kusursuz ve daha temiz bir \u015fekilde teslim almak isterseniz hi\u00e7 d\u00fc\u015f\u00fcnmeden online olarak aramalar yapabilir ve firmalara ula\u015fabilirsiniz. Hal\u0131lar\u0131n\u0131z\u0131 evlerinizden alan ve yine temizlik sonras\u0131 evlerinize karda teslim eden kusursuz firmalar ile tan\u0131\u015ft\u0131ktan sonra sizler de d\u00fczenli olarak bu adreslerden hizmet alacaks\u0131n\u0131z. \u0130\u015fini iyi yapan ve kaliteli hizmeti aya\u011f\u0131n\u0131za kadar getiren bu \u00f6zel adresler ile tan\u0131\u015fmak i\u00e7in sizler de harekete ge\u00e7ebilir ve aramalar\u0131n\u0131z\u0131 yapabilirsiniz.<\/p>\t\t\t\t\t\t<\/div>\n\t\t\t\t<\/div>\n\t\t            <\/div>\n        <\/div>\n                            <\/div>\n        <\/section>\n        \t\t\t\t\t<\/div>\n\t\t","protected":false},"excerpt":{"rendered":"<p>Step Hal\u0131 Y\u0131kama Fiyat\u0131 konusunda sizler de vakit kayb\u0131 ya\u015famak istemiyor ve firmam\u0131zdan yard\u0131m almak istiyorsan\u0131z hi\u00e7 vakit kaybetmeden bizleri arayabilirsiniz ve\u00a0bu konuda daha detayl\u0131 bilgi ve hizmet alabilirsiniz. Fiyat konusunda geni\u015f bir aral\u0131k kar\u015f\u0131n\u0131za \u00e7\u0131k\u0131yor ve her firman\u0131n kendine g\u00f6re belirledi\u011fi rakamlar kar\u015f\u0131n\u0131za \u00e7\u0131k\u0131yor.\u00a0Step Hal\u0131 Y\u0131kama Fiyat\u0131\u00a0\u015feklinde bir arama yaparsan\u0131z e\u011fer sizler de bu [&hellip;]<\/p>\n","protected":false},"author":1,"featured_media":0,"parent":35,"menu_order":0,"comment_status":"closed","ping_status":"closed","template":"","meta":{"footnotes":""},"class_list":["post-9171","page","type-page","status-publish","hentry"],"_links":{"self":[{"href":"https:\/\/www.dostlarkoltukyikama.com.tr\/index.php\/wp-json\/wp\/v2\/pages\/9171","targetHints":{"allow":["GET"]}}],"collection":[{"href":"https:\/\/www.dostlarkoltukyikama.com.tr\/index.php\/wp-json\/wp\/v2\/pages"}],"about":[{"href":"https:\/\/www.dostlarkoltukyikama.com.tr\/index.php\/wp-json\/wp\/v2\/types\/page"}],"author":[{"embeddable":true,"href":"https:\/\/www.dostlarkoltukyikama.com.tr\/index.php\/wp-json\/wp\/v2\/users\/1"}],"replies":[{"embeddable":true,"href":"https:\/\/www.dostlarkoltukyikama.com.tr\/index.php\/wp-json\/wp\/v2\/comments?post=9171"}],"version-history":[{"count":4,"href":"https:\/\/www.dostlarkoltukyikama.com.tr\/index.php\/wp-json\/wp\/v2\/pages\/9171\/revisions"}],"predecessor-version":[{"id":9279,"href":"https:\/\/www.dostlarkoltukyikama.com.tr\/index.php\/wp-json\/wp\/v2\/pages\/9171\/revisions\/9279"}],"up":[{"embeddable":true,"href":"https:\/\/www.dostlarkoltukyikama.com.tr\/index.php\/wp-json\/wp\/v2\/pages\/35"}],"wp:attachment":[{"href":"https:\/\/www.dostlarkoltukyikama.com.tr\/index.php\/wp-json\/wp\/v2\/media?parent=9171"}],"curies":[{"name":"wp","href":"https:\/\/api.w.org\/{rel}","templated":true}]}}