{"id":9173,"date":"2023-02-09T15:09:26","date_gmt":"2023-02-09T12:09:26","guid":{"rendered":"https:\/\/dostlarkoltukyikama.com.tr\/TR\/?page_id=9173"},"modified":"2023-02-09T16:19:47","modified_gmt":"2023-02-09T13:19:47","slug":"nepal-hali-yikama","status":"publish","type":"page","link":"https:\/\/www.dostlarkoltukyikama.com.tr\/index.php\/ankara-hali-koltuk-yikama-hizmetleri\/nepal-hali-yikama\/","title":{"rendered":"Nepal Hal\u0131 Y\u0131kama"},"content":{"rendered":"\t\t<div data-elementor-type=\"wp-page\" data-elementor-id=\"9173\" class=\"elementor elementor-9173\">\n\t\t\t\t\t\t\t        <section class=\"elementor-section elementor-top-section elementor-element elementor-element-abf8ecb elementor-section-boxed elementor-section-height-default elementor-section-height-default ct-header-fixed-none ct-column-none ct-row-scroll-none ct-row-gradient--none\" data-id=\"abf8ecb\" data-element_type=\"section\">\n            \n                        <div class=\"elementor-container elementor-column-gap-default \">\n                    <div class=\"elementor-column elementor-col-100 elementor-top-column elementor-element elementor-element-fbf8b67 ct-column-none col-offset-none col-color-offset-none\" data-id=\"fbf8b67\" data-element_type=\"column\">\n            <div class=\"elementor-widget-wrap elementor-element-populated\">\n                        \t\t<div class=\"elementor-element elementor-element-02dda09 elementor-widget elementor-widget-text-editor\" data-id=\"02dda09\" data-element_type=\"widget\" data-widget_type=\"text-editor.default\">\n\t\t\t\t<div class=\"elementor-widget-container\">\n\t\t\t<style>\/*! elementor - v3.10.2 - 29-01-2023 *\/\n.elementor-widget-text-editor.elementor-drop-cap-view-stacked .elementor-drop-cap{background-color:#818a91;color:#fff}.elementor-widget-text-editor.elementor-drop-cap-view-framed .elementor-drop-cap{color:#818a91;border:3px solid;background-color:transparent}.elementor-widget-text-editor:not(.elementor-drop-cap-view-default) .elementor-drop-cap{margin-top:8px}.elementor-widget-text-editor:not(.elementor-drop-cap-view-default) .elementor-drop-cap-letter{width:1em;height:1em}.elementor-widget-text-editor .elementor-drop-cap{float:left;text-align:center;line-height:1;font-size:50px}.elementor-widget-text-editor .elementor-drop-cap-letter{display:inline-block}<\/style>\t\t\t\t<p style=\"text-align: justify;\">Bir\u00e7ok evde bulunan ve evin dekorasyonunu tamamlayan Nepal hal\u0131lar ho\u015f bir tarz\u0131 olan hal\u0131lard\u0131r. Bu hal\u0131lar\u0131n \u00f6zellikleri neticesinde temizlenme i\u015flemleri de \u00f6zel ihtimam gerektiriyor.\u00a0<strong>Nepal hal\u0131 y\u0131kama<\/strong>\u00a0i\u015flemi i\u00e7in \u00f6ncelikle bu hal\u0131lar\u0131n \u00f6zelliklerinin bilinmesi gerekiyor. Nepal hal\u0131lar ipek ve y\u00fcn kar\u0131\u015f\u0131m\u0131 iplerden dokunan \u00f6zel hal\u0131lard\u0131r. Boya yap\u0131lar\u0131 son derece hassast\u0131r ve el dokuma tezgahlar\u0131nda dokunarak meydana getirilirler. Nepal hal\u0131lar\u0131n dokunma teknikleri de di\u011fer hal\u0131lara g\u00f6re farkl\u0131l\u0131k g\u00f6sterirler. Bu hal\u0131lar\u0131 de\u011ferli yapan ise dokumas\u0131nda kullan\u0131lan ipliklerin Tibet koyunlar\u0131n\u0131n kal\u0131n, esnek ve parlak t\u00fcylerinden elde edilen ipliklerdir. Bu ipliklere renk verebilmek i\u00e7in de \u00f6zel bitki k\u00f6klerinden faydalan\u0131l\u0131yor. Bu nedenle de hal\u0131lar sat\u0131l\u0131rken y\u00fcksek fiyatlarda sat\u0131l\u0131yor. Hal\u0131 y\u0131kama firmam\u0131zda bunu bildi\u011finden bu hal\u0131lar\u0131 y\u0131karken \u00f6zel bir hizmet sunuyor.<\/p><p style=\"text-align: justify;\"><strong>Nepal Hal\u0131lar\u0131 Y\u0131karken Neden Dikkat Edilmelidir?<\/strong><\/p><p style=\"text-align: justify;\">Hal\u0131 \u00e7e\u015fitleri aras\u0131nda \u00e7ok canl\u0131 ve do\u011fal g\u00f6r\u00fcn\u00fcmleri olan Nepal hal\u0131lar\u0131 gerek ipli\u011fi gerekse dokunma \u015fekli bak\u0131m\u0131ndan son derece ho\u015f hal\u0131lard\u0131r. Bu hal\u0131lar\u0131 \u00f6zel yapan da dokumas\u0131ndaki kusursuzluk ve renklerindeki do\u011fall\u0131kt\u0131r. Fiyatlar\u0131 y\u00fcksek oldu\u011fundan\u00a0<strong>Nepal hal\u0131 y\u0131kama<\/strong>\u00a0konusunda her zaman titiz davran\u0131l\u0131yor. Firmam\u0131z da bu konuda titiz davranarak elinizdeki t\u00fcm Nepal hal\u0131lar\u0131 \u00f6zveri ile y\u0131k\u0131yor. \u00c7al\u0131\u015fanlar\u0131m\u0131z hal\u0131n\u0131n \u00f6zelliklerini bildi\u011fi i\u00e7in makine ayarlar\u0131n\u0131 bu hal\u0131lara g\u00f6re ayarl\u0131yorlar. Standart bir makine hal\u0131s\u0131n\u0131 y\u0131kad\u0131\u011f\u0131m\u0131z gibi y\u0131kama i\u015flemi yapm\u0131yoruz. Aksine y\u00fcn ve el dokumas\u0131 hal\u0131lar ne \u015fekilde y\u0131kan\u0131yorsa Nepal hal\u0131lar\u0131 da o \u015fekilde y\u0131kamaya \u00f6zen g\u00f6steriyoruz.<\/p><p style=\"text-align: justify;\"><strong>Nepal Hal\u0131s\u0131 Y\u0131kama Ve Durulama<\/strong><\/p><p style=\"text-align: justify;\"><strong>Nepal hal\u0131 y\u0131kama<\/strong>\u00a0firmam\u0131z bu hal\u0131lar\u0131 y\u0131karken hem durulama hem de kurutma i\u015flemlerini de en iyi \u015fekilde ger\u00e7ekle\u015ftiriyor. Hal\u0131lar\u0131n iyi durulanmamas\u0131 demek i\u00e7erisinde y\u00fcksek oranda deterjan kal\u0131nt\u0131s\u0131na neden olacakt\u0131r. Bu da insan sa\u011fl\u0131\u011f\u0131n\u0131 tehdit eden bir durumdur. Hal\u0131lar y\u0131kama s\u0131ras\u0131nda matla\u015f\u0131r ve sertle\u015fir. Ancak firmam\u0131z bu konuda da \u00f6zenli bir \u00e7al\u0131\u015fma ger\u00e7ekle\u015ftiriyor. Y\u0131kama i\u015fleminden sonra kurutma i\u015flemine ge\u00e7iyoruz ve hal\u0131lar bu s\u00fcre\u00e7te hav y\u00f6n\u00fcnde siliniyor. Y\u00fczeydeki yumu\u015fakl\u0131k geri kazan\u0131lana kadar silme i\u015flemine devam ediyoruz. B\u00f6ylece hal\u0131lar\u0131 teslimata haz\u0131r hale getiriyoruz.<\/p>\t\t\t\t\t\t<\/div>\n\t\t\t\t<\/div>\n\t\t            <\/div>\n        <\/div>\n                            <\/div>\n        <\/section>\n        \t\t\t\t\t<\/div>\n\t\t","protected":false},"excerpt":{"rendered":"<p>Bir\u00e7ok evde bulunan ve evin dekorasyonunu tamamlayan Nepal hal\u0131lar ho\u015f bir tarz\u0131 olan hal\u0131lard\u0131r. Bu hal\u0131lar\u0131n \u00f6zellikleri neticesinde temizlenme i\u015flemleri de \u00f6zel ihtimam gerektiriyor.\u00a0Nepal hal\u0131 y\u0131kama\u00a0i\u015flemi i\u00e7in \u00f6ncelikle bu hal\u0131lar\u0131n \u00f6zelliklerinin bilinmesi gerekiyor. Nepal hal\u0131lar ipek ve y\u00fcn kar\u0131\u015f\u0131m\u0131 iplerden dokunan \u00f6zel hal\u0131lard\u0131r. Boya yap\u0131lar\u0131 son derece hassast\u0131r ve el dokuma tezgahlar\u0131nda dokunarak meydana getirilirler. [&hellip;]<\/p>\n","protected":false},"author":1,"featured_media":0,"parent":35,"menu_order":0,"comment_status":"closed","ping_status":"closed","template":"","meta":{"footnotes":""},"class_list":["post-9173","page","type-page","status-publish","hentry"],"_links":{"self":[{"href":"https:\/\/www.dostlarkoltukyikama.com.tr\/index.php\/wp-json\/wp\/v2\/pages\/9173","targetHints":{"allow":["GET"]}}],"collection":[{"href":"https:\/\/www.dostlarkoltukyikama.com.tr\/index.php\/wp-json\/wp\/v2\/pages"}],"about":[{"href":"https:\/\/www.dostlarkoltukyikama.com.tr\/index.php\/wp-json\/wp\/v2\/types\/page"}],"author":[{"embeddable":true,"href":"https:\/\/www.dostlarkoltukyikama.com.tr\/index.php\/wp-json\/wp\/v2\/users\/1"}],"replies":[{"embeddable":true,"href":"https:\/\/www.dostlarkoltukyikama.com.tr\/index.php\/wp-json\/wp\/v2\/comments?post=9173"}],"version-history":[{"count":4,"href":"https:\/\/www.dostlarkoltukyikama.com.tr\/index.php\/wp-json\/wp\/v2\/pages\/9173\/revisions"}],"predecessor-version":[{"id":9294,"href":"https:\/\/www.dostlarkoltukyikama.com.tr\/index.php\/wp-json\/wp\/v2\/pages\/9173\/revisions\/9294"}],"up":[{"embeddable":true,"href":"https:\/\/www.dostlarkoltukyikama.com.tr\/index.php\/wp-json\/wp\/v2\/pages\/35"}],"wp:attachment":[{"href":"https:\/\/www.dostlarkoltukyikama.com.tr\/index.php\/wp-json\/wp\/v2\/media?parent=9173"}],"curies":[{"name":"wp","href":"https:\/\/api.w.org\/{rel}","templated":true}]}}