{"id":9175,"date":"2023-02-09T15:09:37","date_gmt":"2023-02-09T12:09:37","guid":{"rendered":"https:\/\/dostlarkoltukyikama.com.tr\/TR\/?page_id=9175"},"modified":"2025-07-03T00:58:30","modified_gmt":"2025-07-02T21:58:30","slug":"jut-hali-yikama","status":"publish","type":"page","link":"https:\/\/www.dostlarkoltukyikama.com.tr\/index.php\/ankara-hali-koltuk-yikama-hizmetleri\/jut-hali-yikama\/","title":{"rendered":"Y\u00fcn Hal\u0131 Y\u0131kama"},"content":{"rendered":"\t\t<div data-elementor-type=\"wp-page\" data-elementor-id=\"9175\" class=\"elementor elementor-9175\">\n\t\t\t\t\t\t\t        <section class=\"elementor-section elementor-top-section elementor-element elementor-element-a388a28 elementor-section-boxed elementor-section-height-default elementor-section-height-default ct-header-fixed-none ct-column-none ct-row-scroll-none ct-row-gradient--none\" data-id=\"a388a28\" data-element_type=\"section\">\n            \n                        <div class=\"elementor-container elementor-column-gap-default \">\n                    <div class=\"elementor-column elementor-col-100 elementor-top-column elementor-element elementor-element-d8549cb ct-column-none col-offset-none col-color-offset-none\" data-id=\"d8549cb\" data-element_type=\"column\">\n            <div class=\"elementor-widget-wrap elementor-element-populated\">\n                        \t\t<div class=\"elementor-element elementor-element-63e98e0 elementor-widget elementor-widget-text-editor\" data-id=\"63e98e0\" data-element_type=\"widget\" data-widget_type=\"text-editor.default\">\n\t\t\t\t<div class=\"elementor-widget-container\">\n\t\t\t<style>\/*! elementor - v3.10.2 - 29-01-2023 *\/\n.elementor-widget-text-editor.elementor-drop-cap-view-stacked .elementor-drop-cap{background-color:#818a91;color:#fff}.elementor-widget-text-editor.elementor-drop-cap-view-framed .elementor-drop-cap{color:#818a91;border:3px solid;background-color:transparent}.elementor-widget-text-editor:not(.elementor-drop-cap-view-default) .elementor-drop-cap{margin-top:8px}.elementor-widget-text-editor:not(.elementor-drop-cap-view-default) .elementor-drop-cap-letter{width:1em;height:1em}.elementor-widget-text-editor .elementor-drop-cap{float:left;text-align:center;line-height:1;font-size:50px}.elementor-widget-text-editor .elementor-drop-cap-letter{display:inline-block}<\/style>\t\t\t\t<p style=\"text-align: justify;\" data-fusion-font=\"true\" data-fusion-google-font=\"Inter\" data-fusion-google-variant=\"400\">Evinizin tarz\u0131n\u0131 yans\u0131t\u0131rken ayn\u0131 zamanda temizli\u011fe de pratiklik katan Y\u00fcn hal\u0131 ve kilimler, farkl\u0131 \u00e7e\u015fitleri ile her dekorasyona uyum sa\u011flamaktad\u0131r. Vazge\u00e7ilmeziniz olacak olan Y\u00fcn hal\u0131lar\u0131 incelemek ve temizlik \u00f6nerilerini \u00f6\u011frenmek i\u00e7in yaz\u0131m\u0131z\u0131 okumaya devam edebilirsiniz.<\/p><p style=\"text-align: justify;\" data-fusion-font=\"true\" data-fusion-google-font=\"Inter\" data-fusion-google-variant=\"400\">Hal\u0131n\u0131n ad\u0131n\u0131 ak\u0131lda tutmakta zorlan\u0131yorsan\u0131z ya da J\u00fct nedir? Diye d\u00fc\u015f\u00fcn\u00fcyorsan\u0131z bilmeniz gereken ilk \u015fey, bu hal\u0131n\u0131n ad\u0131n\u0131n imal edildi\u011fi iplikten geldi\u011fidir. J\u00fct ipi olarak an\u0131lan madde, bir bitkiden elde edilmektedir. Ihlamurgiller familyas\u0131ndan olan, s\u0131cak iklimlerde yeti\u015fen ve boyu 4 metreye kadar uzayan bitkiler, d\u00fcnyada pamuktan sonra en \u00e7ok \u00fcretilen lifler aras\u0131nda yer almaktad\u0131r.<\/p><p style=\"text-align: justify;\" data-fusion-font=\"true\" data-fusion-google-font=\"Inter\" data-fusion-google-variant=\"400\">Do\u011fal ve hipoalerjenik \u00f6zelli\u011fi ile bilinen j\u00fct bitkisi, %100 \u00e7\u00f6z\u00fcnebilir \u00f6zelli\u011fi ile ayn\u0131 zamanda \u00e7evre dostu bir malzemedir. End\u00fcstriyel alanda bir\u00e7ok farkl\u0131 \u015fekilde kullan\u0131lan h\u00fct bitkisinin hal\u0131 olma ser\u00fcveni dokuma i\u015flemi ile sonlanmaktad\u0131r. J\u00fct hal\u0131 dokusu gere\u011fi kullan\u0131m ve temizlik s\u0131ras\u0131nda kayabilir, hal\u0131n\u0131n alt\u0131na kayd\u0131rmaz bir malzeme koymak g\u00fcvenlik a\u00e7\u0131s\u0131ndan tavsiye edilmektedir.<\/p><p>&lt;!&#8211; Google tag (gtag.js) &#8211;&gt;<br \/>&lt;script async src=&#8221;https:\/\/www.googletagmanager.com\/gtag\/js?id=AW-454458608&#8243;&gt;&lt;\/script&gt;<br \/>&lt;script&gt;<br \/>window.dataLayer = window.dataLayer || [];<br \/>function gtag(){dataLayer.push(arguments);}<br \/>gtag(&#8216;js&#8217;, new Date());<\/p><p>gtag(&#8216;config&#8217;, &#8216;AW-454458608&#8217;);<br \/>&lt;\/script&gt;<\/p>\t\t\t\t\t\t<\/div>\n\t\t\t\t<\/div>\n\t\t            <\/div>\n        <\/div>\n                            <\/div>\n        <\/section>\n        \t\t\t\t\t<\/div>\n\t\t","protected":false},"excerpt":{"rendered":"<p>Evinizin tarz\u0131n\u0131 yans\u0131t\u0131rken ayn\u0131 zamanda temizli\u011fe de pratiklik katan Y\u00fcn hal\u0131 ve kilimler, farkl\u0131 \u00e7e\u015fitleri ile her dekorasyona uyum sa\u011flamaktad\u0131r. Vazge\u00e7ilmeziniz olacak olan Y\u00fcn hal\u0131lar\u0131 incelemek ve temizlik \u00f6nerilerini \u00f6\u011frenmek i\u00e7in yaz\u0131m\u0131z\u0131 okumaya devam edebilirsiniz. Hal\u0131n\u0131n ad\u0131n\u0131 ak\u0131lda tutmakta zorlan\u0131yorsan\u0131z ya da J\u00fct nedir? Diye d\u00fc\u015f\u00fcn\u00fcyorsan\u0131z bilmeniz gereken ilk \u015fey, bu hal\u0131n\u0131n ad\u0131n\u0131n imal edildi\u011fi [&hellip;]<\/p>\n","protected":false},"author":1,"featured_media":0,"parent":35,"menu_order":0,"comment_status":"closed","ping_status":"closed","template":"","meta":{"footnotes":""},"class_list":["post-9175","page","type-page","status-publish","hentry"],"_links":{"self":[{"href":"https:\/\/www.dostlarkoltukyikama.com.tr\/index.php\/wp-json\/wp\/v2\/pages\/9175","targetHints":{"allow":["GET"]}}],"collection":[{"href":"https:\/\/www.dostlarkoltukyikama.com.tr\/index.php\/wp-json\/wp\/v2\/pages"}],"about":[{"href":"https:\/\/www.dostlarkoltukyikama.com.tr\/index.php\/wp-json\/wp\/v2\/types\/page"}],"author":[{"embeddable":true,"href":"https:\/\/www.dostlarkoltukyikama.com.tr\/index.php\/wp-json\/wp\/v2\/users\/1"}],"replies":[{"embeddable":true,"href":"https:\/\/www.dostlarkoltukyikama.com.tr\/index.php\/wp-json\/wp\/v2\/comments?post=9175"}],"version-history":[{"count":11,"href":"https:\/\/www.dostlarkoltukyikama.com.tr\/index.php\/wp-json\/wp\/v2\/pages\/9175\/revisions"}],"predecessor-version":[{"id":9503,"href":"https:\/\/www.dostlarkoltukyikama.com.tr\/index.php\/wp-json\/wp\/v2\/pages\/9175\/revisions\/9503"}],"up":[{"embeddable":true,"href":"https:\/\/www.dostlarkoltukyikama.com.tr\/index.php\/wp-json\/wp\/v2\/pages\/35"}],"wp:attachment":[{"href":"https:\/\/www.dostlarkoltukyikama.com.tr\/index.php\/wp-json\/wp\/v2\/media?parent=9175"}],"curies":[{"name":"wp","href":"https:\/\/api.w.org\/{rel}","templated":true}]}}